{"id":3,"date":"2023-04-23T12:35:18","date_gmt":"2023-04-23T10:35:18","guid":{"rendered":"http:\/\/clementineplissonnier.fr\/plissonnier\/?page_id=3"},"modified":"2023-05-03T23:56:55","modified_gmt":"2023-05-03T21:56:55","slug":"politique-de-confidentialite","status":"publish","type":"page","link":"https:\/\/boutique.clementineplissonnier.fr\/index.php\/politique-de-confidentialite\/","title":{"rendered":"Politique de confidentialit\u00e9"},"content":{"rendered":"<p>Conform\u00e9ment au R\u00e8glement G\u00e9n\u00e9ral sur la Protection des Donn\u00e9es, cette page fait \u00e9tat de l&rsquo;utilisation des donn\u00e9es utilisateurs collect\u00e9es par le site boutique.clementineplissonnier.fr<\/p><h2 class=\"wp-block-heading\">Qui sommes-nous&nbsp;?<\/h2><p>Le site boutique.clementineplissonnier.fr est poss\u00e9d\u00e9 par Cl\u00e9mentine Plissonnier. <\/p><h2 class=\"wp-block-heading\">M\u00e9dias<\/h2><p>Des images de r\u00e9f\u00e9rence peuvent \u00eatre transmises par mail via notre formulaire de commande personnalis\u00e9es. Ces images sont uniquement utilis\u00e9es dans le cadre de la conception de votre objet. Elles ne sont pas partag\u00e9es et sont supprim\u00e9es une fois la commande r\u00e9alis\u00e9e ou le projet annul\u00e9 par le-la client-e.<\/p><h2 class=\"wp-block-heading\">Cookies<\/h2><p>Si vous vous rendez sur la page de connexion, un cookie temporaire sera cr\u00e9\u00e9 afin de d\u00e9terminer si votre navigateur accepte les cookies. Il ne contient pas de donn\u00e9es personnelles et sera supprim\u00e9 automatiquement \u00e0 la fermeture de votre navigateur.<\/p><p>Lorsque vous vous connecterez, nous mettrons en place un certain nombre de cookies pour enregistrer vos informations de connexion et vos pr\u00e9f\u00e9rences d\u2019\u00e9cran. La dur\u00e9e de vie d\u2019un cookie de connexion est de deux jours, celle d\u2019un cookie d\u2019option d\u2019\u00e9cran est d\u2019un an. Si vous cochez \u00ab&nbsp;Se souvenir de moi&nbsp;\u00bb, votre cookie de connexion sera conserv\u00e9 pendant deux semaines. Si vous vous d\u00e9connectez de votre compte, le cookie de connexion sera effac\u00e9.<\/p><h2 class=\"wp-block-heading\">Contenu embarqu\u00e9 depuis d\u2019autres sites<\/h2><p>Les articles de ce site peuvent inclure des contenus int\u00e9gr\u00e9s (par exemple des vid\u00e9os, images, articles\u2026). Le contenu int\u00e9gr\u00e9 depuis d\u2019autres sites se comporte de la m\u00eame mani\u00e8re que si le visiteur se rendait sur cet autre site.<\/p><p>Ces sites web pourraient collecter des donn\u00e9es sur vous, utiliser des cookies, embarquer des outils de suivis tiers, suivre vos interactions avec ces contenus embarqu\u00e9s si vous disposez d\u2019un compte connect\u00e9 sur leur site web.<\/p><h2 class=\"wp-block-heading\">Utilisation et transmission de vos donn\u00e9es personnelles<\/h2><p>Si vous demandez une r\u00e9initialisation de votre mot de passe, votre adresse IP sera incluse dans l\u2019e-mail de r\u00e9initialisation.<\/p><p>Lors de la commande d&rsquo;un objet, des informations personnelles sont collect\u00e9es afin de traiter la commande. J&rsquo;utilise uniquement ces donn\u00e9es pour traiter la commande et vous envoyer le colis. Les services de vente et d&rsquo;exp\u00e9dition que j&rsquo;utilise (woocommerce, mondial relay, colissimo) sont susceptibles de r\u00e9cup\u00e9rer \u00e9galement vos donn\u00e9es. Dans ce cas, se fier \u00e0 leur propre politique de confidentialit\u00e9. <\/p><h2 class=\"wp-block-heading\">Dur\u00e9es de stockage de vos donn\u00e9es<\/h2><p>Pour les comptes qui s\u2019inscrivent sur notre site, nous stockons ind\u00e9finiment les donn\u00e9es personnelles indiqu\u00e9es dans leur profil. Tous les comptes peuvent voir, modifier ou supprimer leurs informations personnelles \u00e0 tout moment (\u00e0 l\u2019exception de leur identifiant). Les gestionnaires du site peuvent aussi voir et modifier ces informations.<\/p><p>Les donn\u00e9es r\u00e9colt\u00e9es pour le traitement des commandes sont aussi stock\u00e9es de mani\u00e8re ind\u00e9finie.<\/p><h2 class=\"wp-block-heading\">Les droits que vous avez sur vos donn\u00e9es<\/h2><p>Si vous avez un compte ou si vous avez pass\u00e9 commande sur ce site, vous pouvez demander \u00e0 recevoir un fichier contenant toutes les donn\u00e9es personnelles que nous poss\u00e9dons \u00e0 votre sujet, incluant celles que vous nous avez fournies. Vous pouvez \u00e9galement demander la suppression des donn\u00e9es personnelles vous concernant. Cela ne prend pas en compte les donn\u00e9es stock\u00e9es \u00e0 des fins administratives, l\u00e9gales ou pour des raisons de s\u00e9curit\u00e9.<\/p>","protected":false},"excerpt":{"rendered":"<p>Conform\u00e9ment au R\u00e8glement G\u00e9n\u00e9ral sur la Protection des Donn\u00e9es, cette page fait \u00e9tat de l&rsquo;utilisation des donn\u00e9es utilisateurs collect\u00e9es par le site boutique.clementineplissonnier.fr Qui sommes-nous&nbsp;? Le site boutique.clementineplissonnier.fr est poss\u00e9d\u00e9 [&hellip;]<\/p>\n","protected":false},"author":1,"featured_media":0,"parent":0,"menu_order":0,"comment_status":"closed","ping_status":"open","template":"","meta":{"footnotes":""},"class_list":["post-3","page","type-page","status-publish","hentry"],"jetpack_sharing_enabled":true,"_links":{"self":[{"href":"https:\/\/boutique.clementineplissonnier.fr\/index.php\/wp-json\/wp\/v2\/pages\/3","targetHints":{"allow":["GET"]}}],"collection":[{"href":"https:\/\/boutique.clementineplissonnier.fr\/index.php\/wp-json\/wp\/v2\/pages"}],"about":[{"href":"https:\/\/boutique.clementineplissonnier.fr\/index.php\/wp-json\/wp\/v2\/types\/page"}],"author":[{"embeddable":true,"href":"https:\/\/boutique.clementineplissonnier.fr\/index.php\/wp-json\/wp\/v2\/users\/1"}],"replies":[{"embeddable":true,"href":"https:\/\/boutique.clementineplissonnier.fr\/index.php\/wp-json\/wp\/v2\/comments?post=3"}],"version-history":[{"count":2,"href":"https:\/\/boutique.clementineplissonnier.fr\/index.php\/wp-json\/wp\/v2\/pages\/3\/revisions"}],"predecessor-version":[{"id":235,"href":"https:\/\/boutique.clementineplissonnier.fr\/index.php\/wp-json\/wp\/v2\/pages\/3\/revisions\/235"}],"wp:attachment":[{"href":"https:\/\/boutique.clementineplissonnier.fr\/index.php\/wp-json\/wp\/v2\/media?parent=3"}],"curies":[{"name":"wp","href":"https:\/\/api.w.org\/{rel}","templated":true}]}}