{"id":494,"date":"2024-08-03T13:09:00","date_gmt":"2024-08-03T11:09:00","guid":{"rendered":"https:\/\/boutique.clementineplissonnier.fr\/?post_type=product&#038;p=494"},"modified":"2024-08-07T16:39:08","modified_gmt":"2024-08-07T14:39:08","slug":"assiette-inscription-rat-food","status":"publish","type":"product","link":"https:\/\/boutique.clementineplissonnier.fr\/index.php\/produit\/assiette-inscription-rat-food\/","title":{"rendered":"Assiette inscription \u00ab\u00a0Rat food\u00a0\u00bb"},"content":{"rendered":"<p>Inspir\u00e9e de mes difficult\u00e9s avec l&rsquo;alimentation, cette assiette porte un message qui peut \u00eatre lu sur un ton sombre ou humoristique. Le but de cette s\u00e9rie est de poser des mots sur mes difficult\u00e9s sur un objet sur quotidien qui n&rsquo;est pas si facile \u00e0 utiliser pour moi.<\/p>\n<p>Gr\u00e8s blanc, crayon oxyde cobalt et couverte transparente. Fa\u00e7onnage et d\u00e9cor \u00e0 la main. Pi\u00e8ce unique.<\/p>\n<p>Compatible micro-onde et lave-vaisselle.<\/p>\n<p>Diam\u00e8tre : 17,5cm<br \/>\nHauteur : 2cm<br \/>\nPoids : 440g<\/p>\n<p>Cette pi\u00e8ce a de petites dimensions, id\u00e9ales si comme moi vous avez du mal \u00e0 remplir votre assiette.<\/p>\n","protected":false},"excerpt":{"rendered":"<p>Inspir\u00e9e de mes difficult\u00e9s avec l&rsquo;alimentation, cette assiette porte un message qui peut \u00eatre lu sur un ton sombre ou humoristique. Le but de cette s\u00e9rie est de poser des mots sur mes difficult\u00e9s sur un objet sur quotidien qui n&rsquo;est pas si facile \u00e0 utiliser pour moi.<\/p>\n<p>Gr\u00e8s blanc, crayon oxyde cobalt et couverte transparente. Fa\u00e7onnage et d\u00e9cor \u00e0 la main. Pi\u00e8ce unique.<\/p>\n<p>Compatible micro-onde et lave-vaisselle.<\/p>\n<p>Diam\u00e8tre : 17,5cm<br \/>\nHauteur : 2cm<br \/>\nPoids : 440g<\/p>\n<p>Cette pi\u00e8ce a de petites dimensions, id\u00e9ales si comme moi vous avez du mal \u00e0 remplir votre assiette.<\/p>\n","protected":false},"featured_media":534,"comment_status":"open","ping_status":"closed","template":"","meta":[],"product_cat":[16],"product_tag":[],"class_list":{"0":"post-494","1":"product","2":"type-product","3":"status-publish","4":"has-post-thumbnail","6":"product_cat-vaisselle","7":"product_shipping_class-colis","9":"first","10":"instock","11":"purchasable","12":"product-type-simple"},"jetpack_sharing_enabled":true,"_links":{"self":[{"href":"https:\/\/boutique.clementineplissonnier.fr\/index.php\/wp-json\/wp\/v2\/product\/494","targetHints":{"allow":["GET"]}}],"collection":[{"href":"https:\/\/boutique.clementineplissonnier.fr\/index.php\/wp-json\/wp\/v2\/product"}],"about":[{"href":"https:\/\/boutique.clementineplissonnier.fr\/index.php\/wp-json\/wp\/v2\/types\/product"}],"replies":[{"embeddable":true,"href":"https:\/\/boutique.clementineplissonnier.fr\/index.php\/wp-json\/wp\/v2\/comments?post=494"}],"wp:featuredmedia":[{"embeddable":true,"href":"https:\/\/boutique.clementineplissonnier.fr\/index.php\/wp-json\/wp\/v2\/media\/534"}],"wp:attachment":[{"href":"https:\/\/boutique.clementineplissonnier.fr\/index.php\/wp-json\/wp\/v2\/media?parent=494"}],"wp:term":[{"taxonomy":"product_cat","embeddable":true,"href":"https:\/\/boutique.clementineplissonnier.fr\/index.php\/wp-json\/wp\/v2\/product_cat?post=494"},{"taxonomy":"product_tag","embeddable":true,"href":"https:\/\/boutique.clementineplissonnier.fr\/index.php\/wp-json\/wp\/v2\/product_tag?post=494"}],"curies":[{"name":"wp","href":"https:\/\/api.w.org\/{rel}","templated":true}]}}