{"id":495,"date":"2024-08-03T13:09:47","date_gmt":"2024-08-03T11:09:47","guid":{"rendered":"https:\/\/boutique.clementineplissonnier.fr\/?post_type=product&#038;p=495"},"modified":"2024-08-07T13:39:21","modified_gmt":"2024-08-07T11:39:21","slug":"assiette-inscription-time-to-eat-my-feelings","status":"publish","type":"product","link":"https:\/\/boutique.clementineplissonnier.fr\/index.php\/produit\/assiette-inscription-time-to-eat-my-feelings\/","title":{"rendered":"Assiette inscription \u00ab\u00a0Time to eat my feelings\u00a0\u00bb"},"content":{"rendered":"<p>Inspir\u00e9e de mes difficult\u00e9s avec l&rsquo;alimentation, cette assiette porte un message qui peut \u00eatre lu sur un ton sombre ou humoristique. Le but de cette s\u00e9rie est de poser des mots sur mes difficult\u00e9s sur un objet sur quotidien qui n&rsquo;est pas si facile \u00e0 utiliser pour moi.<\/p>\n<p>Gr\u00e8s blanc, engobe color\u00e9e et couverte transparente. Fa\u00e7onnage et d\u00e9cor \u00e0 la main. Pi\u00e8ce unique.<\/p>\n<p>Compatible micro-onde et lave-vaisselle.<\/p>\n<p>Diam\u00e8tre : 16,5cm<br \/>\nHauteur : 3cm<br \/>\nPoids : 430g<\/p>\n<p>Cette assiette a de petites dimensions, id\u00e9ales si comme moi vous avez du mal \u00e0 remplir votre assiette.<\/p>\n","protected":false},"excerpt":{"rendered":"<p>Inspir\u00e9e de mes difficult\u00e9s avec l&rsquo;alimentation, cette assiette porte un message qui peut \u00eatre lu sur un ton sombre ou humoristique. Le but de cette s\u00e9rie est de poser des mots sur mes difficult\u00e9s sur un objet sur quotidien qui n&rsquo;est pas si facile \u00e0 utiliser pour moi.<\/p>\n<p>Gr\u00e8s blanc, engobe color\u00e9e et couverte transparente. Fa\u00e7onnage et d\u00e9cor \u00e0 la main. Pi\u00e8ce unique.<\/p>\n<p>Compatible micro-onde et lave-vaisselle.<\/p>\n<p>Diam\u00e8tre : 16,5cm<br \/>\nHauteur : 3cm<br \/>\nPoids : 430g<\/p>\n<p>Cette assiette a de petites dimensions, id\u00e9ales si comme moi vous avez du mal \u00e0 remplir votre assiette.<\/p>\n","protected":false},"featured_media":536,"comment_status":"open","ping_status":"closed","template":"","meta":[],"product_cat":[16],"product_tag":[],"class_list":{"0":"post-495","1":"product","2":"type-product","3":"status-publish","4":"has-post-thumbnail","6":"product_cat-vaisselle","7":"product_shipping_class-colis","9":"first","10":"instock","11":"purchasable","12":"product-type-simple"},"jetpack_sharing_enabled":true,"_links":{"self":[{"href":"https:\/\/boutique.clementineplissonnier.fr\/index.php\/wp-json\/wp\/v2\/product\/495","targetHints":{"allow":["GET"]}}],"collection":[{"href":"https:\/\/boutique.clementineplissonnier.fr\/index.php\/wp-json\/wp\/v2\/product"}],"about":[{"href":"https:\/\/boutique.clementineplissonnier.fr\/index.php\/wp-json\/wp\/v2\/types\/product"}],"replies":[{"embeddable":true,"href":"https:\/\/boutique.clementineplissonnier.fr\/index.php\/wp-json\/wp\/v2\/comments?post=495"}],"wp:featuredmedia":[{"embeddable":true,"href":"https:\/\/boutique.clementineplissonnier.fr\/index.php\/wp-json\/wp\/v2\/media\/536"}],"wp:attachment":[{"href":"https:\/\/boutique.clementineplissonnier.fr\/index.php\/wp-json\/wp\/v2\/media?parent=495"}],"wp:term":[{"taxonomy":"product_cat","embeddable":true,"href":"https:\/\/boutique.clementineplissonnier.fr\/index.php\/wp-json\/wp\/v2\/product_cat?post=495"},{"taxonomy":"product_tag","embeddable":true,"href":"https:\/\/boutique.clementineplissonnier.fr\/index.php\/wp-json\/wp\/v2\/product_tag?post=495"}],"curies":[{"name":"wp","href":"https:\/\/api.w.org\/{rel}","templated":true}]}}