{"id":634,"date":"2024-11-01T17:19:39","date_gmt":"2024-11-01T16:19:39","guid":{"rendered":"https:\/\/boutique.clementineplissonnier.fr\/?post_type=product&#038;p=634"},"modified":"2026-03-26T20:07:25","modified_gmt":"2026-03-26T19:07:25","slug":"bol-diorama-plage","status":"publish","type":"product","link":"https:\/\/boutique.clementineplissonnier.fr\/index.php\/produit\/bol-diorama-plage\/","title":{"rendered":"Bol diorama \u00ab\u00a0plage\u00a0\u00bb"},"content":{"rendered":"<p>Pi\u00e8ces uniques. Gr\u00e8s blanc model\u00e9 et d\u00e9cor\u00e9 \u00e0 la main.<\/p>\n<p>Compatible micro-ondes et lave-vaisselle.<\/p>\n<p>Dimensions :<br \/>\nHauteur contenant : 6cm<br \/>\nHauteur totale : 8cm<br \/>\nDiam\u00e8tre : 11cm<br \/>\nLargeur max : 13cm<br \/>\nPoids : 377g<\/p>\n","protected":false},"excerpt":{"rendered":"<p>Pi\u00e8ces uniques. Gr\u00e8s blanc model\u00e9 et d\u00e9cor\u00e9 \u00e0 la main. Compatible micro-ondes et lave-vaisselle. Dimensions : Hauteur contenant : 6cm Hauteur totale : 8cm Diam\u00e8tre : 11cm Largeur max : [&hellip;]<\/p>\n","protected":false},"featured_media":636,"comment_status":"open","ping_status":"closed","template":"","meta":[],"product_cat":[16],"product_tag":[],"class_list":{"0":"post-634","1":"product","2":"type-product","3":"status-publish","4":"has-post-thumbnail","6":"product_cat-vaisselle","7":"product_shipping_class-colis","9":"first","10":"instock","11":"purchasable","12":"product-type-simple"},"jetpack_sharing_enabled":true,"_links":{"self":[{"href":"https:\/\/boutique.clementineplissonnier.fr\/index.php\/wp-json\/wp\/v2\/product\/634","targetHints":{"allow":["GET"]}}],"collection":[{"href":"https:\/\/boutique.clementineplissonnier.fr\/index.php\/wp-json\/wp\/v2\/product"}],"about":[{"href":"https:\/\/boutique.clementineplissonnier.fr\/index.php\/wp-json\/wp\/v2\/types\/product"}],"replies":[{"embeddable":true,"href":"https:\/\/boutique.clementineplissonnier.fr\/index.php\/wp-json\/wp\/v2\/comments?post=634"}],"wp:featuredmedia":[{"embeddable":true,"href":"https:\/\/boutique.clementineplissonnier.fr\/index.php\/wp-json\/wp\/v2\/media\/636"}],"wp:attachment":[{"href":"https:\/\/boutique.clementineplissonnier.fr\/index.php\/wp-json\/wp\/v2\/media?parent=634"}],"wp:term":[{"taxonomy":"product_cat","embeddable":true,"href":"https:\/\/boutique.clementineplissonnier.fr\/index.php\/wp-json\/wp\/v2\/product_cat?post=634"},{"taxonomy":"product_tag","embeddable":true,"href":"https:\/\/boutique.clementineplissonnier.fr\/index.php\/wp-json\/wp\/v2\/product_tag?post=634"}],"curies":[{"name":"wp","href":"https:\/\/api.w.org\/{rel}","templated":true}]}}