{"id":713,"date":"2025-07-12T15:34:17","date_gmt":"2025-07-12T13:34:17","guid":{"rendered":"https:\/\/boutique.clementineplissonnier.fr\/?post_type=product&#038;p=713"},"modified":"2026-03-26T19:59:58","modified_gmt":"2026-03-26T18:59:58","slug":"tasses-petits-pieds-marbrees-vertes","status":"publish","type":"product","link":"https:\/\/boutique.clementineplissonnier.fr\/index.php\/produit\/tasses-petits-pieds-marbrees-vertes\/","title":{"rendered":"Tasses \u00ab\u00a0petits pieds\u00a0\u00bb marbr\u00e9es vertes"},"content":{"rendered":"","protected":false},"excerpt":{"rendered":"<p>Tasses en gr\u00e8s model\u00e9es. Fini brillant.<\/p>\n<p>Compatibles lave-vaisselle et micro-ondes<\/p>\n<p>Dimensions petit mod\u00e8le :<br \/>\nHauteur 5,5cm<br \/>\nDiam\u00e8tre 7cm<br \/>\nContenance 125ml<br \/>\nPoids 179g<\/p>\n<p>Dimensions grand mod\u00e8le :<br \/>\nHauteur 6,5cm<br \/>\nDiam\u00e8tre 7,5cm<br \/>\nContenance 135ml<br \/>\nPoids 210g<\/p>\n","protected":false},"featured_media":721,"comment_status":"open","ping_status":"closed","template":"","meta":[],"product_cat":[16,22],"product_tag":[],"class_list":{"0":"post-713","1":"product","2":"type-product","3":"status-publish","4":"has-post-thumbnail","6":"product_cat-vaisselle","7":"product_cat-petitspieds","8":"product_shipping_class-colis","10":"first","11":"instock","12":"purchasable","13":"product-type-variable"},"jetpack_sharing_enabled":true,"_links":{"self":[{"href":"https:\/\/boutique.clementineplissonnier.fr\/index.php\/wp-json\/wp\/v2\/product\/713","targetHints":{"allow":["GET"]}}],"collection":[{"href":"https:\/\/boutique.clementineplissonnier.fr\/index.php\/wp-json\/wp\/v2\/product"}],"about":[{"href":"https:\/\/boutique.clementineplissonnier.fr\/index.php\/wp-json\/wp\/v2\/types\/product"}],"replies":[{"embeddable":true,"href":"https:\/\/boutique.clementineplissonnier.fr\/index.php\/wp-json\/wp\/v2\/comments?post=713"}],"wp:featuredmedia":[{"embeddable":true,"href":"https:\/\/boutique.clementineplissonnier.fr\/index.php\/wp-json\/wp\/v2\/media\/721"}],"wp:attachment":[{"href":"https:\/\/boutique.clementineplissonnier.fr\/index.php\/wp-json\/wp\/v2\/media?parent=713"}],"wp:term":[{"taxonomy":"product_cat","embeddable":true,"href":"https:\/\/boutique.clementineplissonnier.fr\/index.php\/wp-json\/wp\/v2\/product_cat?post=713"},{"taxonomy":"product_tag","embeddable":true,"href":"https:\/\/boutique.clementineplissonnier.fr\/index.php\/wp-json\/wp\/v2\/product_tag?post=713"}],"curies":[{"name":"wp","href":"https:\/\/api.w.org\/{rel}","templated":true}]}}