{"id":725,"date":"2025-07-12T15:47:25","date_gmt":"2025-07-12T13:47:25","guid":{"rendered":"https:\/\/boutique.clementineplissonnier.fr\/?post_type=product&#038;p=725"},"modified":"2026-03-26T19:59:09","modified_gmt":"2026-03-26T18:59:09","slug":"tasses-petits-pieds-sauge","status":"publish","type":"product","link":"https:\/\/boutique.clementineplissonnier.fr\/index.php\/produit\/tasses-petits-pieds-sauge\/","title":{"rendered":"Tasses \u00ab\u00a0petits pieds\u00a0\u00bb sauge"},"content":{"rendered":"","protected":false},"excerpt":{"rendered":"<p>Tasses en gr\u00e8s tourn\u00e9 et \u00e9maill\u00e9, fini brillant<\/p>\n<p>Compatibles lave-vaisselle et micro-ondes<\/p>\n<p>Dimensions mod\u00e8le 1 :<br \/>\nHauteur 6cm<br \/>\nDiam\u00e8tre 8cm<br \/>\nContenance 145ml<br \/>\nPoids 227g<\/p>\n<p>Dimensions mod\u00e8le 2 :<br \/>\nHauteur 5,5cm<br \/>\nDiam\u00e8tre 8,5cm<br \/>\nContenance 140ml<br \/>\nPoids 224g<\/p>\n<p>Dimensions mod\u00e8le 3 :<br \/>\nHauteur 6cm<br \/>\nDiam\u00e8tre 8cm<br \/>\nContenance 140ml<br \/>\nPoids 291g<\/p>\n","protected":false},"featured_media":731,"comment_status":"open","ping_status":"closed","template":"","meta":[],"product_cat":[16,22],"product_tag":[],"class_list":{"0":"post-725","1":"product","2":"type-product","3":"status-publish","4":"has-post-thumbnail","6":"product_cat-vaisselle","7":"product_cat-petitspieds","8":"product_shipping_class-colis","10":"first","11":"instock","12":"purchasable","13":"product-type-variable"},"jetpack_sharing_enabled":true,"_links":{"self":[{"href":"https:\/\/boutique.clementineplissonnier.fr\/index.php\/wp-json\/wp\/v2\/product\/725","targetHints":{"allow":["GET"]}}],"collection":[{"href":"https:\/\/boutique.clementineplissonnier.fr\/index.php\/wp-json\/wp\/v2\/product"}],"about":[{"href":"https:\/\/boutique.clementineplissonnier.fr\/index.php\/wp-json\/wp\/v2\/types\/product"}],"replies":[{"embeddable":true,"href":"https:\/\/boutique.clementineplissonnier.fr\/index.php\/wp-json\/wp\/v2\/comments?post=725"}],"wp:featuredmedia":[{"embeddable":true,"href":"https:\/\/boutique.clementineplissonnier.fr\/index.php\/wp-json\/wp\/v2\/media\/731"}],"wp:attachment":[{"href":"https:\/\/boutique.clementineplissonnier.fr\/index.php\/wp-json\/wp\/v2\/media?parent=725"}],"wp:term":[{"taxonomy":"product_cat","embeddable":true,"href":"https:\/\/boutique.clementineplissonnier.fr\/index.php\/wp-json\/wp\/v2\/product_cat?post=725"},{"taxonomy":"product_tag","embeddable":true,"href":"https:\/\/boutique.clementineplissonnier.fr\/index.php\/wp-json\/wp\/v2\/product_tag?post=725"}],"curies":[{"name":"wp","href":"https:\/\/api.w.org\/{rel}","templated":true}]}}