{"id":774,"date":"2026-04-06T16:19:10","date_gmt":"2026-04-06T14:19:10","guid":{"rendered":"https:\/\/boutique.clementineplissonnier.fr\/?post_type=product&#038;p=774"},"modified":"2026-04-06T16:19:10","modified_gmt":"2026-04-06T14:19:10","slug":"tasse-petites-pattes","status":"publish","type":"product","link":"https:\/\/boutique.clementineplissonnier.fr\/index.php\/produit\/tasse-petites-pattes\/","title":{"rendered":"Tasse Petites Pattes"},"content":{"rendered":"","protected":false},"excerpt":{"rendered":"<p>Tasse en gr\u00e8s noir model\u00e9 et \u00e9maill\u00e9.<\/p>\n<p>Rendu brillant.<\/p>\n<p>Compatible lave-vaisselle et micro-ondes<\/p>\n<p>Dimensions :<br \/>\nHauteur : 6,5cm<br \/>\nDiam\u00e8tre contenant : 9cm<br \/>\nDiam\u00e8tre avec pattes : 14cm<br \/>\nContenance : environ 150ml<br \/>\nPoids : 370g<\/p>\n","protected":false},"featured_media":805,"comment_status":"open","ping_status":"closed","template":"","meta":[],"product_cat":[16],"product_tag":[],"class_list":{"0":"post-774","1":"product","2":"type-product","3":"status-publish","4":"has-post-thumbnail","6":"product_cat-vaisselle","7":"product_shipping_class-colis","9":"first","10":"instock","11":"purchasable","12":"product-type-simple"},"jetpack_sharing_enabled":true,"_links":{"self":[{"href":"https:\/\/boutique.clementineplissonnier.fr\/index.php\/wp-json\/wp\/v2\/product\/774","targetHints":{"allow":["GET"]}}],"collection":[{"href":"https:\/\/boutique.clementineplissonnier.fr\/index.php\/wp-json\/wp\/v2\/product"}],"about":[{"href":"https:\/\/boutique.clementineplissonnier.fr\/index.php\/wp-json\/wp\/v2\/types\/product"}],"replies":[{"embeddable":true,"href":"https:\/\/boutique.clementineplissonnier.fr\/index.php\/wp-json\/wp\/v2\/comments?post=774"}],"wp:featuredmedia":[{"embeddable":true,"href":"https:\/\/boutique.clementineplissonnier.fr\/index.php\/wp-json\/wp\/v2\/media\/805"}],"wp:attachment":[{"href":"https:\/\/boutique.clementineplissonnier.fr\/index.php\/wp-json\/wp\/v2\/media?parent=774"}],"wp:term":[{"taxonomy":"product_cat","embeddable":true,"href":"https:\/\/boutique.clementineplissonnier.fr\/index.php\/wp-json\/wp\/v2\/product_cat?post=774"},{"taxonomy":"product_tag","embeddable":true,"href":"https:\/\/boutique.clementineplissonnier.fr\/index.php\/wp-json\/wp\/v2\/product_tag?post=774"}],"curies":[{"name":"wp","href":"https:\/\/api.w.org\/{rel}","templated":true}]}}