{"id":776,"date":"2026-04-08T14:00:54","date_gmt":"2026-04-08T12:00:54","guid":{"rendered":"https:\/\/boutique.clementineplissonnier.fr\/?post_type=product&#038;p=776"},"modified":"2026-04-08T14:00:54","modified_gmt":"2026-04-08T12:00:54","slug":"mini-bol-chat-noir","status":"publish","type":"product","link":"https:\/\/boutique.clementineplissonnier.fr\/index.php\/produit\/mini-bol-chat-noir\/","title":{"rendered":"Mini bol Chat Noir"},"content":{"rendered":"<p>Bol en gr\u00e8s noir model\u00e9 \u00e9maill\u00e9. Rendu satin\u00e9.<\/p>\n<p>Compatible lave vaisselle et micro-ondes.<\/p>\n<p>Dimensions :<br \/>\n&#8211; Diam\u00e8tre : 11cm<br \/>\n&#8211; Hauteur : 6cm<br \/>\n&#8211; Contenance : environ 150ml<br \/>\n&#8211; Poids : 335g<\/p>\n","protected":false},"excerpt":{"rendered":"<p>Bol en gr\u00e8s noir model\u00e9 \u00e9maill\u00e9. Rendu satin\u00e9. Compatible lave vaisselle et micro-ondes. Dimensions : &#8211; Diam\u00e8tre : 11cm &#8211; Hauteur : 6cm &#8211; Contenance : environ 150ml &#8211; Poids [&hellip;]<\/p>\n","protected":false},"featured_media":826,"comment_status":"open","ping_status":"closed","template":"","meta":[],"product_cat":[16],"product_tag":[],"class_list":{"0":"post-776","1":"product","2":"type-product","3":"status-publish","4":"has-post-thumbnail","6":"product_cat-vaisselle","7":"product_shipping_class-colis","9":"first","10":"instock","11":"purchasable","12":"product-type-simple"},"jetpack_sharing_enabled":true,"_links":{"self":[{"href":"https:\/\/boutique.clementineplissonnier.fr\/index.php\/wp-json\/wp\/v2\/product\/776","targetHints":{"allow":["GET"]}}],"collection":[{"href":"https:\/\/boutique.clementineplissonnier.fr\/index.php\/wp-json\/wp\/v2\/product"}],"about":[{"href":"https:\/\/boutique.clementineplissonnier.fr\/index.php\/wp-json\/wp\/v2\/types\/product"}],"replies":[{"embeddable":true,"href":"https:\/\/boutique.clementineplissonnier.fr\/index.php\/wp-json\/wp\/v2\/comments?post=776"}],"wp:featuredmedia":[{"embeddable":true,"href":"https:\/\/boutique.clementineplissonnier.fr\/index.php\/wp-json\/wp\/v2\/media\/826"}],"wp:attachment":[{"href":"https:\/\/boutique.clementineplissonnier.fr\/index.php\/wp-json\/wp\/v2\/media?parent=776"}],"wp:term":[{"taxonomy":"product_cat","embeddable":true,"href":"https:\/\/boutique.clementineplissonnier.fr\/index.php\/wp-json\/wp\/v2\/product_cat?post=776"},{"taxonomy":"product_tag","embeddable":true,"href":"https:\/\/boutique.clementineplissonnier.fr\/index.php\/wp-json\/wp\/v2\/product_tag?post=776"}],"curies":[{"name":"wp","href":"https:\/\/api.w.org\/{rel}","templated":true}]}}