{"id":777,"date":"2026-04-08T13:55:12","date_gmt":"2026-04-08T11:55:12","guid":{"rendered":"https:\/\/boutique.clementineplissonnier.fr\/?post_type=product&#038;p=777"},"modified":"2026-04-08T13:55:12","modified_gmt":"2026-04-08T11:55:12","slug":"tasse-mare-au-canard","status":"publish","type":"product","link":"https:\/\/boutique.clementineplissonnier.fr\/index.php\/produit\/tasse-mare-au-canard\/","title":{"rendered":"Tasse \u00ab\u00a0mare au canard\u00a0\u00bb"},"content":{"rendered":"","protected":false},"excerpt":{"rendered":"<p>Tasse en gr\u00e8s model\u00e9 \u00e9maill\u00e9. Rendu brillant<\/p>\n<p>Compatible lave-vaisselle et micro-ondes.<\/p>\n<p>Dimensions :<br \/>\n&#8211; Diam\u00e8tre contenant : 10cm<br \/>\n&#8211; Diam\u00e8tre avec anse : 13cm<br \/>\n&#8211; Hauteur : 6cm<br \/>\n&#8211; Contenance : environ 150ml<br \/>\n&#8211; Poids : 345g<\/p>\n","protected":false},"featured_media":821,"comment_status":"open","ping_status":"closed","template":"","meta":[],"product_cat":[16],"product_tag":[],"class_list":{"0":"post-777","1":"product","2":"type-product","3":"status-publish","4":"has-post-thumbnail","6":"product_cat-vaisselle","7":"product_shipping_class-colis","9":"first","10":"instock","11":"purchasable","12":"product-type-simple"},"jetpack_sharing_enabled":true,"_links":{"self":[{"href":"https:\/\/boutique.clementineplissonnier.fr\/index.php\/wp-json\/wp\/v2\/product\/777","targetHints":{"allow":["GET"]}}],"collection":[{"href":"https:\/\/boutique.clementineplissonnier.fr\/index.php\/wp-json\/wp\/v2\/product"}],"about":[{"href":"https:\/\/boutique.clementineplissonnier.fr\/index.php\/wp-json\/wp\/v2\/types\/product"}],"replies":[{"embeddable":true,"href":"https:\/\/boutique.clementineplissonnier.fr\/index.php\/wp-json\/wp\/v2\/comments?post=777"}],"wp:featuredmedia":[{"embeddable":true,"href":"https:\/\/boutique.clementineplissonnier.fr\/index.php\/wp-json\/wp\/v2\/media\/821"}],"wp:attachment":[{"href":"https:\/\/boutique.clementineplissonnier.fr\/index.php\/wp-json\/wp\/v2\/media?parent=777"}],"wp:term":[{"taxonomy":"product_cat","embeddable":true,"href":"https:\/\/boutique.clementineplissonnier.fr\/index.php\/wp-json\/wp\/v2\/product_cat?post=777"},{"taxonomy":"product_tag","embeddable":true,"href":"https:\/\/boutique.clementineplissonnier.fr\/index.php\/wp-json\/wp\/v2\/product_tag?post=777"}],"curies":[{"name":"wp","href":"https:\/\/api.w.org\/{rel}","templated":true}]}}